{"id":2027,"date":"2022-01-29T17:26:11","date_gmt":"2022-01-29T17:26:11","guid":{"rendered":"https:\/\/siegel-akademie.de\/brigu-o-kupcima\/"},"modified":"2022-01-29T22:29:55","modified_gmt":"2022-01-29T22:29:55","slug":"brigu-o-kupcima","status":"publish","type":"page","link":"https:\/\/siegel-akademie.de\/hr\/brigu-o-kupcima\/","title":{"rendered":"Usluga savjetovanja i podr\u0161ke"},"content":{"rendered":"\n\t<section class=\"section dark\" id=\"section_1666564674\">\n\t\t<div class=\"section-bg fill\" >\n\t\t\t<img loading=\"lazy\" decoding=\"async\" width=\"2560\" height=\"800\" src=\"https:\/\/siegel-akademie.de\/wp-content\/uploads\/2022\/01\/CustomerCare.jpg\" class=\"bg attachment- size-\" alt=\"\" \/>\t\t\t\t\t\t<div class=\"section-bg-overlay absolute fill\"><\/div>\n\t\t\t\n\n\t\t<\/div>\n\n\t\t\n\n\t\t<div class=\"section-content relative\">\n\t\t\t\n\t\t<\/div>\n\n\t\t\n<style>\n#section_1666564674 {\n  padding-top: 140px;\n  padding-bottom: 140px;\n  min-height: 800px;\n  background-color: rgb(40, 40, 40);\n}\n#section_1666564674 .section-bg-overlay {\n  background-color: rgba(0, 0, 0, 0.3);\n}\n#section_1666564674 .section-bg img {\n  object-position: 100% 78%;\n}\n<\/style>\n\t<\/section>\n\t\n\n\t<section class=\"section\" id=\"section_1373817973\">\n\t\t<div class=\"section-bg fill\" >\n\t\t\t\t\t\t\t\t\t\n\t\t\t\n\n\t\t<\/div>\n\n\t\t\n\n\t\t<div class=\"section-content relative\">\n\t\t\t\n<div class=\"row\"  id=\"row-1403735677\">\n\n\t<div id=\"col-1585792511\" class=\"col small-12 large-12\"  >\n\t\t\t\t<div class=\"col-inner\"  >\n\t\t\t\n\t\t\t\n<div class=\"row align-equal\"  id=\"row-204504263\">\n\n\t<div id=\"col-529088305\" class=\"col small-12 large-12\"  >\n\t\t\t\t<div class=\"col-inner text-center\"  >\n\t\t\t\n\t\t\t\n\n\t\t<div class=\"icon-box featured-box icon-box-center text-center\"  >\n\t\t\t\t<div class=\"icon-box-text last-reset\">\n\t\t\t\t\t\t\t\t\t\n\t<div id=\"text-2268557289\" class=\"text\">\n\t\t\n<h1><strong>USLUGA SAVJETOVANJA I PODR\u0160KE<\/strong><\/h1>\n\t\t\n<style>\n#text-2268557289 {\n  font-size: 1.5rem;\n}\n<\/style>\n\t<\/div>\n\t\n\t<div id=\"text-3241095025\" class=\"text\">\n\t\t\n<h3 style=\"text-align: left;\"><strong>Podr\u0161ka vezana za sigurnost i za\u0161titu na radu u skladu s DGUV propisom 2<\/strong><\/h3>\n<p style=\"text-align: left;\">S na\u0161im timom sigurnosnih in\u017eenjera i stru\u010dnjaka za za\u0161titu na radu pru\u017eamo vam podr\u0161ku i savjetovanje kompetentno i prakti\u010dno. Nudimo vam sljede\u0107e usluge kao dio na\u0161e sigurnosno-tehni\u010dke podr\u0161ke:<\/p>\n<ul>\n<li style=\"text-align: left;\">Redoviti sigurnosni pregledi i konzultacije<\/li>\n<li style=\"text-align: left;\">Izrada procjena rizika<\/li>\n<li style=\"text-align: left;\">Sudjelovanje na sjednicama povjerenstva za za\u0161titu zdravlja i sigurnosti na radu<\/li>\n<li style=\"text-align: left;\">Sigurnosne upute za zaposlenike o opasnostima na radnom mjestu<\/li>\n<li style=\"text-align: left;\">Suradnja s lije\u010dnikom medicine rada va\u0161e tvrtke<\/li>\n<li style=\"text-align: left;\">Savjeti o temama kao \u0161to su osobna za\u0161titna oprema, opasne tvari itd<\/li>\n<\/ul>\n<p style=\"text-align: left;\">Uz pomo\u0107 na\u0161eg sustava podr\u0161ke sustavno i transparentno provodimo zahtjeve propisa o sprje\u010davanju nesre\u0107a i dr\u017eavnog zakona.<\/p>\n<h3 style=\"text-align: left;\"><strong>Pazimo na va\u0161e redovite preglede opreme i sredstava za rad<\/strong><\/h3>\n<p style=\"text-align: left;\">S aplikacijom SOFT-TLS upravljanje resursima i opremom, osiguravamo da se va\u0161i resursi i oprema redovito i na vrijeme provjeravaju, te samim time va\u0161i djelatnici mogu svoj posao obavljati sigurnije. Naravno, nakon provedenog testiranja, imati \u0107ete sva izvje\u0161\u0107a o testiranju u elektronskom obliku sa automatskom dojavom isteka pregleda.. Va\u0161im djelatnicima na raspolaganju je uvijek ispitana i sigurna radna oprema i sredstva za rad. Tako se mogu u\u010dinkovito sprije\u010diti nezgode i zastoji zbog neispravne radne opreme.<\/p>\n\t\t\n<style>\n#text-3241095025 {\n  font-size: 1rem;\n}\n<\/style>\n\t<\/div>\n\t\n\t\t<\/div>\n\t<\/div>\n\t\n\t\n\t\t<\/div>\n\t\t\t\t\t<\/div>\n\n\t\n\n<style>\n#row-204504263 > .col > .col-inner {\n  padding: 40px 40px 40px 40px;\n  background-color: rgb(255,255,255);\n}\n<\/style>\n<\/div>\n\t\t<\/div>\n\t\t\t\t\n<style>\n#col-1585792511 > .col-inner {\n  margin: -100px 0px 0px 0px;\n}\n<\/style>\n\t<\/div>\n\n\t\n<\/div>\n\t\t<\/div>\n\n\t\t\n<style>\n#section_1373817973 {\n  padding-top: 30px;\n  padding-bottom: 30px;\n  background-color: rgb(235, 235, 235);\n}\n<\/style>\n\t<\/section>\n\t\n","protected":false},"excerpt":{"rendered":"","protected":false},"author":1,"featured_media":0,"parent":0,"menu_order":5,"comment_status":"closed","ping_status":"closed","template":"page-transparent-header-light.php","meta":{"footnotes":""},"class_list":["post-2027","page","type-page","status-publish","hentry"],"_links":{"self":[{"href":"https:\/\/siegel-akademie.de\/hr\/wp-json\/wp\/v2\/pages\/2027","targetHints":{"allow":["GET"]}}],"collection":[{"href":"https:\/\/siegel-akademie.de\/hr\/wp-json\/wp\/v2\/pages"}],"about":[{"href":"https:\/\/siegel-akademie.de\/hr\/wp-json\/wp\/v2\/types\/page"}],"author":[{"embeddable":true,"href":"https:\/\/siegel-akademie.de\/hr\/wp-json\/wp\/v2\/users\/1"}],"replies":[{"embeddable":true,"href":"https:\/\/siegel-akademie.de\/hr\/wp-json\/wp\/v2\/comments?post=2027"}],"version-history":[{"count":20,"href":"https:\/\/siegel-akademie.de\/hr\/wp-json\/wp\/v2\/pages\/2027\/revisions"}],"predecessor-version":[{"id":2441,"href":"https:\/\/siegel-akademie.de\/hr\/wp-json\/wp\/v2\/pages\/2027\/revisions\/2441"}],"wp:attachment":[{"href":"https:\/\/siegel-akademie.de\/hr\/wp-json\/wp\/v2\/media?parent=2027"}],"curies":[{"name":"wp","href":"https:\/\/api.w.org\/{rel}","templated":true}]}}