{"id":2063,"date":"2022-01-29T17:26:15","date_gmt":"2022-01-29T17:26:15","guid":{"rendered":"https:\/\/siegel-akademie.de\/tecaj-njemackog\/"},"modified":"2022-02-02T13:26:02","modified_gmt":"2022-02-02T13:26:02","slug":"tecaj-njemackog","status":"publish","type":"page","link":"https:\/\/siegel-akademie.de\/hr\/tecaj-njemackog\/","title":{"rendered":"Online te\u010daj njema\u010dkog"},"content":{"rendered":"\n\t<section class=\"section dark\" id=\"section_1969479742\">\n\t\t<div class=\"section-bg fill\" >\n\t\t\t<img loading=\"lazy\" decoding=\"async\" width=\"2560\" height=\"800\" src=\"https:\/\/siegel-akademie.de\/wp-content\/uploads\/2022\/01\/Deutschkurs-1.jpg\" class=\"bg attachment- size-\" alt=\"\" \/>\t\t\t\t\t\t<div class=\"section-bg-overlay absolute fill\"><\/div>\n\t\t\t\n\n\t\t<\/div>\n\n\t\t\n\n\t\t<div class=\"section-content relative\">\n\t\t\t\n\t\t<\/div>\n\n\t\t\n<style>\n#section_1969479742 {\n  padding-top: 140px;\n  padding-bottom: 140px;\n  min-height: 800px;\n  background-color: rgb(40, 40, 40);\n}\n#section_1969479742 .section-bg-overlay {\n  background-color: rgba(0, 0, 0, 0.3);\n}\n#section_1969479742 .section-bg img {\n  object-position: 48% 62%;\n}\n<\/style>\n\t<\/section>\n\t\n\n\t<section class=\"section\" id=\"section_1997346991\">\n\t\t<div class=\"section-bg fill\" >\n\t\t\t\t\t\t\t\t\t\n\t\t\t\n\n\t\t<\/div>\n\n\t\t\n\n\t\t<div class=\"section-content relative\">\n\t\t\t\n<div class=\"row\"  id=\"row-2023269956\">\n\n\t<div id=\"col-1095108124\" class=\"col small-12 large-12\"  >\n\t\t\t\t<div class=\"col-inner\"  >\n\t\t\t\n\t\t\t\n<div class=\"row align-equal\"  id=\"row-984068533\">\n\n\t<div id=\"col-1025504276\" class=\"col small-12 large-12\"  >\n\t\t\t\t<div class=\"col-inner text-center\"  >\n\t\t\t\n\t\t\t\n\n\t\t<div class=\"icon-box featured-box icon-box-center text-center\"  >\n\t\t\t\t<div class=\"icon-box-text last-reset\">\n\t\t\t\t\t\t\t\t\t\n\t<div id=\"text-1537084452\" class=\"text\">\n\t\t\n<h1><strong>ONLINE TE\u010cAJ NJEMA\u010cKOG<\/strong><\/h1>\n\t\t\n<style>\n#text-1537084452 {\n  font-size: 1.5rem;\n}\n<\/style>\n\t<\/div>\n\t\n\t<div id=\"text-1651756291\" class=\"text\">\n\t\t\n<h3 style=\"text-align: left;\">U sklopu na\u0161eg online te\u010daja njema\u010dkog nudimo vam:<\/h3>\n<ul>\n<li style=\"text-align: left;\">Grupna nastava poslijepodne\/ve\u010der<\/li>\n<li style=\"text-align: left;\">Online nastava u popodnevnim\/ve\u010dernjim satima<\/li>\n<li style=\"text-align: left;\">Stru\u010dno vodstvo<\/li>\n<li style=\"text-align: left;\">Razine jezika od A1 do B2<\/li>\n<li style=\"text-align: left;\">Ma\u0161tovite i zabavne lekcije<\/li>\n<\/ul>\n\t\t\n<style>\n#text-1651756291 {\n  font-size: 1rem;\n}\n<\/style>\n\t<\/div>\n\t\n\t\t<\/div>\n\t<\/div>\n\t\n\t\n\t\t<\/div>\n\t\t\t\t\t<\/div>\n\n\t\n\n\t<div id=\"col-47313385\" class=\"col small-12 large-12\"  >\n\t\t\t\t<div class=\"col-inner text-left\"  >\n\t\t\t\n\t\t\t\n<h3>Ako ste zainteresirani, ispunite kontakt obrazac.<\/h3>\n\n<div class=\"wpcf7 no-js\" id=\"wpcf7-f2712-o1\" lang=\"hr\" dir=\"ltr\" data-wpcf7-id=\"2712\">\n<div class=\"screen-reader-response\"><p role=\"status\" aria-live=\"polite\" aria-atomic=\"true\"><\/p> <ul><\/ul><\/div>\n<form action=\"\/hr\/wp-json\/wp\/v2\/pages\/2063#wpcf7-f2712-o1\" method=\"post\" class=\"wpcf7-form init\" aria-label=\"Kontakt obrazac\" novalidate=\"novalidate\" data-status=\"init\">\n<fieldset class=\"hidden-fields-container\"><input type=\"hidden\" name=\"_wpcf7\" value=\"2712\" \/><input type=\"hidden\" name=\"_wpcf7_version\" value=\"6.1.3\" \/><input type=\"hidden\" name=\"_wpcf7_locale\" value=\"hr\" \/><input type=\"hidden\" name=\"_wpcf7_unit_tag\" value=\"wpcf7-f2712-o1\" \/><input type=\"hidden\" name=\"_wpcf7_container_post\" value=\"0\" \/><input type=\"hidden\" name=\"_wpcf7_posted_data_hash\" value=\"\" \/><input type=\"hidden\" name=\"_wpcf7_recaptcha_response\" value=\"\" \/>\n<\/fieldset>\n<p><span class=\"wpcf7-form-control-wrap\" data-name=\"Ime\"><input size=\"40\" maxlength=\"400\" class=\"wpcf7-form-control wpcf7-text wpcf7-validates-as-required\" aria-required=\"true\" aria-invalid=\"false\" placeholder=\"Ime\" value=\"\" type=\"text\" name=\"Ime\" \/><\/span><br \/>\n<span class=\"wpcf7-form-control-wrap\" data-name=\"Prezime\"><input size=\"40\" maxlength=\"400\" class=\"wpcf7-form-control wpcf7-text wpcf7-validates-as-required\" aria-required=\"true\" aria-invalid=\"false\" placeholder=\"Prezime\" value=\"\" type=\"text\" name=\"Prezime\" \/><\/span><br \/>\n<span class=\"wpcf7-form-control-wrap\" data-name=\"Email\"><input size=\"40\" maxlength=\"400\" class=\"wpcf7-form-control wpcf7-email wpcf7-validates-as-required wpcf7-text wpcf7-validates-as-email\" aria-required=\"true\" aria-invalid=\"false\" placeholder=\"Email\" value=\"\" type=\"email\" name=\"Email\" \/><\/span><br \/>\n<span class=\"wpcf7-form-control-wrap\" data-name=\"Adresa\"><input size=\"40\" maxlength=\"400\" class=\"wpcf7-form-control wpcf7-text wpcf7-validates-as-required\" aria-required=\"true\" aria-invalid=\"false\" placeholder=\"Adresa\" value=\"\" type=\"text\" name=\"Adresa\" \/><\/span><br \/>\n<span class=\"wpcf7-form-control-wrap\" data-name=\"Telefon\"><input size=\"40\" maxlength=\"400\" class=\"wpcf7-form-control wpcf7-tel wpcf7-validates-as-required wpcf7-text wpcf7-validates-as-tel\" aria-required=\"true\" aria-invalid=\"false\" placeholder=\"Telefon\" value=\"\" type=\"tel\" name=\"Telefon\" \/><\/span><br \/>\nSpol:<br \/>\n<span class=\"wpcf7-form-control-wrap\" data-name=\"Spol\"><select class=\"wpcf7-form-control wpcf7-select wpcf7-validates-as-required\" aria-required=\"true\" aria-invalid=\"false\" name=\"Spol\"><option value=\"\">&#8212;Molimo odaberite jednu opciju&#8212;<\/option><option value=\"Mu\u0161ko\">Mu\u0161ko<\/option><option value=\"\u017densko\">\u017densko<\/option><\/select><\/span><br \/>\nModul<br \/>\n<span class=\"wpcf7-form-control-wrap\" data-name=\"Modul\"><select class=\"wpcf7-form-control wpcf7-select wpcf7-validates-as-required\" aria-required=\"true\" aria-invalid=\"false\" name=\"Modul\"><option value=\"\">&#8212;Molimo odaberite jednu opciju&#8212;<\/option><option value=\"A 1.1. - Po\u010detnik\">A 1.1. - Po\u010detnik<\/option><option value=\"A 1.2.\">A 1.2.<\/option><option value=\"A 2.1.\">A 2.1.<\/option><option value=\"A 2.2.\">A 2.2.<\/option><option value=\"B 1.1.\">B 1.1.<\/option><option value=\"B 1.2.\">B 1.2.<\/option><option value=\"B 2.2.\">B 2.2.<\/option><\/select><\/span><br \/>\n<span class=\"wpcf7-form-control-wrap\" data-name=\"Komentar\"><textarea cols=\"40\" rows=\"10\" maxlength=\"2000\" class=\"wpcf7-form-control wpcf7-textarea\" aria-invalid=\"false\" placeholder=\"Komentar\" name=\"Komentar\"><\/textarea><\/span><br \/>\n<input class=\"wpcf7-form-control wpcf7-submit has-spinner\" type=\"submit\" value=\"Po\u0161alji\" \/>\n<\/p><div class=\"wpcf7-response-output\" aria-hidden=\"true\"><\/div>\n<\/form>\n<\/div>\n\n\t\t<\/div>\n\t\t\t\t\t<\/div>\n\n\t\n\n<style>\n#row-984068533 > .col > .col-inner {\n  padding: 40px 40px 40px 40px;\n  background-color: rgb(255,255,255);\n}\n<\/style>\n<\/div>\n\t\t<\/div>\n\t\t\t\t\n<style>\n#col-1095108124 > .col-inner {\n  margin: -100px 0px 0px 0px;\n}\n<\/style>\n\t<\/div>\n\n\t\n<\/div>\n\t\t<\/div>\n\n\t\t\n<style>\n#section_1997346991 {\n  padding-top: 30px;\n  padding-bottom: 30px;\n  background-color: rgb(235, 235, 235);\n}\n<\/style>\n\t<\/section>\n\t\n","protected":false},"excerpt":{"rendered":"","protected":false},"author":3,"featured_media":0,"parent":0,"menu_order":10,"comment_status":"closed","ping_status":"closed","template":"page-transparent-header-light.php","meta":{"footnotes":""},"class_list":["post-2063","page","type-page","status-publish","hentry"],"_links":{"self":[{"href":"https:\/\/siegel-akademie.de\/hr\/wp-json\/wp\/v2\/pages\/2063","targetHints":{"allow":["GET"]}}],"collection":[{"href":"https:\/\/siegel-akademie.de\/hr\/wp-json\/wp\/v2\/pages"}],"about":[{"href":"https:\/\/siegel-akademie.de\/hr\/wp-json\/wp\/v2\/types\/page"}],"author":[{"embeddable":true,"href":"https:\/\/siegel-akademie.de\/hr\/wp-json\/wp\/v2\/users\/3"}],"replies":[{"embeddable":true,"href":"https:\/\/siegel-akademie.de\/hr\/wp-json\/wp\/v2\/comments?post=2063"}],"version-history":[{"count":15,"href":"https:\/\/siegel-akademie.de\/hr\/wp-json\/wp\/v2\/pages\/2063\/revisions"}],"predecessor-version":[{"id":2716,"href":"https:\/\/siegel-akademie.de\/hr\/wp-json\/wp\/v2\/pages\/2063\/revisions\/2716"}],"wp:attachment":[{"href":"https:\/\/siegel-akademie.de\/hr\/wp-json\/wp\/v2\/media?parent=2063"}],"curies":[{"name":"wp","href":"https:\/\/api.w.org\/{rel}","templated":true}]}}