{"id":2089,"date":"2022-01-29T17:26:16","date_gmt":"2022-01-29T17:26:16","guid":{"rendered":"https:\/\/siegel-akademie.de\/kolovoz-odobrenje\/"},"modified":"2022-01-29T22:20:53","modified_gmt":"2022-01-29T22:20:53","slug":"kolovoz-odobrenje","status":"publish","type":"page","link":"https:\/\/siegel-akademie.de\/hr\/kolovoz-odobrenje\/","title":{"rendered":"Agencijsko poslovanje"},"content":{"rendered":"\n\t<section class=\"section dark\" id=\"section_1898630921\">\n\t\t<div class=\"section-bg fill\" >\n\t\t\t<img loading=\"lazy\" decoding=\"async\" width=\"2560\" height=\"800\" src=\"https:\/\/siegel-akademie.de\/wp-content\/uploads\/2022\/01\/site-inspection.jpg\" class=\"bg attachment- size-\" alt=\"\" \/>\t\t\t\t\t\t<div class=\"section-bg-overlay absolute fill\"><\/div>\n\t\t\t\n\n\t\t<\/div>\n\n\t\t\n\n\t\t<div class=\"section-content relative\">\n\t\t\t\n\t\t<\/div>\n\n\t\t\n<style>\n#section_1898630921 {\n  padding-top: 140px;\n  padding-bottom: 140px;\n  min-height: 800px;\n  background-color: rgb(40, 40, 40);\n}\n#section_1898630921 .section-bg-overlay {\n  background-color: rgba(0, 0, 0, 0.3);\n}\n#section_1898630921 .section-bg img {\n  object-position: 48% 62%;\n}\n<\/style>\n\t<\/section>\n\t\n\n\t<section class=\"section\" id=\"section_1761730036\">\n\t\t<div class=\"section-bg fill\" >\n\t\t\t\t\t\t\t\t\t\n\t\t\t\n\n\t\t<\/div>\n\n\t\t\n\n\t\t<div class=\"section-content relative\">\n\t\t\t\n<div class=\"row\"  id=\"row-1301850704\">\n\n\t<div id=\"col-301794293\" class=\"col small-12 large-12\"  >\n\t\t\t\t<div class=\"col-inner\"  >\n\t\t\t\n\t\t\t\n<div class=\"row align-equal\"  id=\"row-210430667\">\n\n\t<div id=\"col-1801892640\" class=\"col small-12 large-12\"  >\n\t\t\t\t<div class=\"col-inner text-center\"  >\n\t\t\t\n\t\t\t\n\n\t\t<div class=\"icon-box featured-box icon-box-center text-center\"  >\n\t\t\t\t<div class=\"icon-box-text last-reset\">\n\t\t\t\t\t\t\t\t\t\n\t<div id=\"text-3957023447\" class=\"text\">\n\t\t\n<h1 class=\"font-500 uppercase\">Agencijsko poslovanje<\/h1>\n\t\t\n<style>\n#text-3957023447 {\n  font-size: 1.5rem;\n}\n<\/style>\n\t<\/div>\n\t\n\t<div id=\"text-980530875\" class=\"text\">\n\t\t\n<p>Kako bismo Vam pomogli u projektima, nudimo Vam u okviru agencijskog poslovanja stru\u010dne, kompetentne kadrove iz podru\u010dja za\u0161tite na radu.<\/p>\n\t\t\n<style>\n#text-980530875 {\n  font-size: 1rem;\n}\n<\/style>\n\t<\/div>\n\t\n\t\t<\/div>\n\t<\/div>\n\t\n\t\n\t\t<\/div>\n\t\t\t\t\t<\/div>\n\n\t\n\n\t<div id=\"col-1129174828\" class=\"col medium-4 small-12 large-4\"  >\n\t\t\t\t<div class=\"col-inner text-left\"  >\n\t\t\t\n\t\t\t\n<h3 style=\"text-align: center;\">Usluge stru\u010dnjaka za\u0161tite na radu na bazi projekta<\/h3>\n<h3 style=\"text-align: left;\"><strong>Stru\u010dnjak za\u0161tite na radu (SiFa)<\/strong><\/h3>\n<p style=\"text-align: left;\">S.I.E.G.E.L. Akademija preuzima sve zadatke koji proizlaze iz \u00a7 6 ASiG u vezi s DGUV propisom 2 va\u0161eg nositelja osiguranja od nezgode te u skladu sa tim propisima vodi proces za\u0161tite na radu na samom radili\u0161tu.<\/p>\n\t\t<\/div>\n\t\t\t\t\t<\/div>\n\n\t\n\n\t<div id=\"col-500572837\" class=\"col medium-4 small-12 large-4\"  >\n\t\t\t\t<div class=\"col-inner text-left\"  >\n\t\t\t\n\t\t\t\n<h3 style=\"text-align: center;\"><strong>Usluge povjerenika za\u0161tite na radu na bazi projekta<\/strong><\/h3>\n<h3 style=\"text-align: left;\"><strong>Povjerenik za\u0161tite na radu<\/strong><\/h3>\n<p style=\"text-align: left;\">Povjerinici za\u0161tite na radu S.I.E.G.E.L. Akademije podr\u017eavaju provedbu sigurnosnih mjera u va\u0161oj organizaciji i provjeru uskla\u0111enosti sa sigurnosnim uputama i propisima na samom radili\u0161tu.<\/p>\n\t\t<\/div>\n\t\t\t\t\t<\/div>\n\n\t\n\n\t<div id=\"col-766220239\" class=\"col medium-4 small-12 large-4\"  >\n\t\t\t\t<div class=\"col-inner text-left\"  >\n\t\t\t\n\t\t\t\n<h3 style=\"text-align: center;\"><strong>Usluge pomo\u0107nika za\u0161tite na radu na bazi projekta<\/strong><\/h3>\n<h3 style=\"text-align: left;\">Pomo\u0107nik za\u0161tite na radu<\/h3>\n<p style=\"text-align: left;\">Pomo\u0107nici za\u0161tite na radu S.I.E.G.E.L. Akademije preuzimaju zadatak pridr\u017eavanja sigurnosnih propisa koje je odredio kupac na samom mjestu rada.<\/p>\n\t\t<\/div>\n\t\t\t\t\t<\/div>\n\n\t\n\n<style>\n#row-210430667 > .col > .col-inner {\n  padding: 40px 40px 40px 40px;\n  background-color: rgb(255,255,255);\n}\n<\/style>\n<\/div>\n\t\t<\/div>\n\t\t\t\t\n<style>\n#col-301794293 > .col-inner {\n  margin: -100px 0px 0px 0px;\n}\n<\/style>\n\t<\/div>\n\n\t\n<\/div>\n\t\t<\/div>\n\n\t\t\n<style>\n#section_1761730036 {\n  padding-top: 30px;\n  padding-bottom: 30px;\n  background-color: rgb(235, 235, 235);\n}\n<\/style>\n\t<\/section>\n\t\n","protected":false},"excerpt":{"rendered":"","protected":false},"author":3,"featured_media":0,"parent":0,"menu_order":8,"comment_status":"closed","ping_status":"closed","template":"page-transparent-header-light.php","meta":{"footnotes":""},"class_list":["post-2089","page","type-page","status-publish","hentry"],"_links":{"self":[{"href":"https:\/\/siegel-akademie.de\/hr\/wp-json\/wp\/v2\/pages\/2089","targetHints":{"allow":["GET"]}}],"collection":[{"href":"https:\/\/siegel-akademie.de\/hr\/wp-json\/wp\/v2\/pages"}],"about":[{"href":"https:\/\/siegel-akademie.de\/hr\/wp-json\/wp\/v2\/types\/page"}],"author":[{"embeddable":true,"href":"https:\/\/siegel-akademie.de\/hr\/wp-json\/wp\/v2\/users\/3"}],"replies":[{"embeddable":true,"href":"https:\/\/siegel-akademie.de\/hr\/wp-json\/wp\/v2\/comments?post=2089"}],"version-history":[{"count":12,"href":"https:\/\/siegel-akademie.de\/hr\/wp-json\/wp\/v2\/pages\/2089\/revisions"}],"predecessor-version":[{"id":2433,"href":"https:\/\/siegel-akademie.de\/hr\/wp-json\/wp\/v2\/pages\/2089\/revisions\/2433"}],"wp:attachment":[{"href":"https:\/\/siegel-akademie.de\/hr\/wp-json\/wp\/v2\/media?parent=2089"}],"curies":[{"name":"wp","href":"https:\/\/api.w.org\/{rel}","templated":true}]}}