{"id":2092,"date":"2022-01-29T17:26:16","date_gmt":"2022-01-29T17:26:16","guid":{"rendered":"https:\/\/siegel-akademie.de\/trening-prirubnice\/"},"modified":"2022-01-29T22:39:58","modified_gmt":"2022-01-29T22:39:58","slug":"trening-prirubnice","status":"publish","type":"page","link":"https:\/\/siegel-akademie.de\/hr\/trening-prirubnice\/","title":{"rendered":"Obuka za spajanje i monta\u017eu prirubni\u010dkih spojeva po normi EN 1591-4"},"content":{"rendered":"\n\t<section class=\"section dark\" id=\"section_634404866\">\n\t\t<div class=\"section-bg fill\" >\n\t\t\t<img loading=\"lazy\" decoding=\"async\" width=\"2560\" height=\"800\" src=\"https:\/\/siegel-akademie.de\/wp-content\/uploads\/2022\/01\/Flanschenschulung-1.jpg\" class=\"bg attachment- size-\" alt=\"\" \/>\t\t\t\t\t\t<div class=\"section-bg-overlay absolute fill\"><\/div>\n\t\t\t\n\n\t\t<\/div>\n\n\t\t\n\n\t\t<div class=\"section-content relative\">\n\t\t\t\n\t\t<\/div>\n\n\t\t\n<style>\n#section_634404866 {\n  padding-top: 140px;\n  padding-bottom: 140px;\n  min-height: 800px;\n  background-color: rgb(40, 40, 40);\n}\n#section_634404866 .section-bg-overlay {\n  background-color: rgba(0, 0, 0, 0.3);\n}\n#section_634404866 .section-bg img {\n  object-position: 48% 62%;\n}\n<\/style>\n\t<\/section>\n\t\n\n\t<section class=\"section\" id=\"section_1525025511\">\n\t\t<div class=\"section-bg fill\" >\n\t\t\t\t\t\t\t\t\t\n\t\t\t\n\n\t\t<\/div>\n\n\t\t\n\n\t\t<div class=\"section-content relative\">\n\t\t\t\n<div class=\"row\"  id=\"row-79022589\">\n\n\t<div id=\"col-1220595663\" class=\"col small-12 large-12\"  >\n\t\t\t\t<div class=\"col-inner\"  >\n\t\t\t\n\t\t\t\n<div class=\"row align-equal\"  id=\"row-112290892\">\n\n\t<div id=\"col-2100044220\" class=\"col small-12 large-12\"  >\n\t\t\t\t<div class=\"col-inner text-center\"  >\n\t\t\t\n\t\t\t\n\n\t\t<div class=\"icon-box featured-box icon-box-center text-center\"  >\n\t\t\t\t<div class=\"icon-box-text last-reset\">\n\t\t\t\t\t\t\t\t\t\n\t<div id=\"text-126920360\" class=\"text\">\n\t\t\n<h1 class=\"uppercase\"><strong>Obuka za spajanje i monta\u017eu prirubni\u010dkih spojeva po normi EN 1591-4<\/strong><\/h1>\n\t\t\n<style>\n#text-126920360 {\n  font-size: 1.5rem;\n}\n<\/style>\n\t<\/div>\n\t\n\t<div id=\"text-4089655661\" class=\"text\">\n\t\t\n<p style=\"text-align: left;\">Ova obuka je namijenjena radnicima koji rastavljaju, montiraju i spajaju prirubni\u010dke spojeve bilo koje vrste. Zaposlenici industrijskih i monta\u017enih tvrtki mogu poha\u0111ati ovaj jednodnevni te\u010daj obuke prema DIN EN 1591-4 u S.I.E.G.E.L. Akademiji ili mo\u017eemo naravno mi do\u0107i kod vas i napraviti obuku u va\u0161im prostorijama. Nakon polo\u017eenog teoretskog i prakti\u010dnog ispita svaki polaznik dobiva certifikat za &#8220;spajanje i monta\u017eu prirubnica prema EN 1591-4&#8221;<\/p>\n<h3 style=\"text-align: left;\"><strong>SADR\u017dAJ<\/strong><\/h3>\n<ul>\n<li style=\"text-align: left;\">Vrste brtvi i vij\u010danih spojeva<\/li>\n<li style=\"text-align: left;\">Sigurna monta\u017ea i demonta\u017ea prirubni\u010dkih spojeva<\/li>\n<li style=\"text-align: left;\">Priprema brtvenih povr\u0161ina<\/li>\n<li style=\"text-align: left;\">Prepoznavanje pogre\u0161aka i nedostataka<\/li>\n<li style=\"text-align: left;\">Poravnavanje brtvenih povr\u0161ina i zazora<\/li>\n<li style=\"text-align: left;\">Skladi\u0161tenje, rukovanje, priprema i monta\u017ea<\/li>\n<li style=\"text-align: left;\">Va\u017enost podmazivanja, u\u010dinci postupaka zatezanja i obrasci zatezanja vijaka.<\/li>\n<\/ul>\n\t\t\n<style>\n#text-4089655661 {\n  font-size: 1rem;\n}\n<\/style>\n\t<\/div>\n\t\n\t\t<\/div>\n\t<\/div>\n\t\n\t\n\t\t<\/div>\n\t\t\t\t\t<\/div>\n\n\t\n\n<style>\n#row-112290892 > .col > .col-inner {\n  padding: 40px 40px 40px 40px;\n  background-color: rgb(255,255,255);\n}\n<\/style>\n<\/div>\n\t\t<\/div>\n\t\t\t\t\n<style>\n#col-1220595663 > .col-inner {\n  margin: -100px 0px 0px 0px;\n}\n<\/style>\n\t<\/div>\n\n\t\n<\/div>\n\t\t<\/div>\n\n\t\t\n<style>\n#section_1525025511 {\n  padding-top: 30px;\n  padding-bottom: 30px;\n  background-color: rgb(235, 235, 235);\n}\n<\/style>\n\t<\/section>\n\t\n","protected":false},"excerpt":{"rendered":"","protected":false},"author":3,"featured_media":0,"parent":0,"menu_order":9,"comment_status":"closed","ping_status":"closed","template":"page-transparent-header-light.php","meta":{"footnotes":""},"class_list":["post-2092","page","type-page","status-publish","hentry"],"_links":{"self":[{"href":"https:\/\/siegel-akademie.de\/hr\/wp-json\/wp\/v2\/pages\/2092","targetHints":{"allow":["GET"]}}],"collection":[{"href":"https:\/\/siegel-akademie.de\/hr\/wp-json\/wp\/v2\/pages"}],"about":[{"href":"https:\/\/siegel-akademie.de\/hr\/wp-json\/wp\/v2\/types\/page"}],"author":[{"embeddable":true,"href":"https:\/\/siegel-akademie.de\/hr\/wp-json\/wp\/v2\/users\/3"}],"replies":[{"embeddable":true,"href":"https:\/\/siegel-akademie.de\/hr\/wp-json\/wp\/v2\/comments?post=2092"}],"version-history":[{"count":37,"href":"https:\/\/siegel-akademie.de\/hr\/wp-json\/wp\/v2\/pages\/2092\/revisions"}],"predecessor-version":[{"id":2498,"href":"https:\/\/siegel-akademie.de\/hr\/wp-json\/wp\/v2\/pages\/2092\/revisions\/2498"}],"wp:attachment":[{"href":"https:\/\/siegel-akademie.de\/hr\/wp-json\/wp\/v2\/media?parent=2092"}],"curies":[{"name":"wp","href":"https:\/\/api.w.org\/{rel}","templated":true}]}}